{"id":43,"date":"2025-07-14T00:00:38","date_gmt":"2025-07-13T22:00:38","guid":{"rendered":"https:\/\/meshtastic.lorapaca.org\/?page_id=43"},"modified":"2025-08-03T08:19:18","modified_gmt":"2025-08-03T06:19:18","slug":"meshtastic-kezako","status":"publish","type":"page","link":"https:\/\/meshtastic.lorapaca.org\/?page_id=43","title":{"rendered":"Meshtastic k\u00e9zako ?"},"content":{"rendered":"\n<p>Meshtastic est une solution open-source qui permet de cr\u00e9er des <strong>r\u00e9seaux maill\u00e9s sans infrastructure<\/strong> en utilisant la technologie <strong>LoRa<\/strong>. Con\u00e7u pour fonctionner dans les zones sans couverture cellulaire, ce syst\u00e8me permet l\u2019\u00e9change de <strong>messages texte et de donn\u00e9es de localisation<\/strong> sur plusieurs kilom\u00e8tres, sans passer par Internet ni op\u00e9rateur mobile.<\/p>\n\n\n<div class=\"wp-block-image\">\n<figure class=\"aligncenter size-large is-resized\"><img loading=\"lazy\" decoding=\"async\" width=\"1024\" height=\"484\" src=\"https:\/\/meshtastic.lorapaca.org\/wp-content\/uploads\/2025\/07\/image-32-1024x484.png\" alt=\"\" class=\"wp-image-547\" style=\"width:600px\" srcset=\"https:\/\/meshtastic.lorapaca.org\/wp-content\/uploads\/2025\/07\/image-32-1024x484.png 1024w, https:\/\/meshtastic.lorapaca.org\/wp-content\/uploads\/2025\/07\/image-32-300x142.png 300w, https:\/\/meshtastic.lorapaca.org\/wp-content\/uploads\/2025\/07\/image-32-768x363.png 768w, https:\/\/meshtastic.lorapaca.org\/wp-content\/uploads\/2025\/07\/image-32-1536x726.png 1536w, https:\/\/meshtastic.lorapaca.org\/wp-content\/uploads\/2025\/07\/image-32-2048x968.png 2048w, https:\/\/meshtastic.lorapaca.org\/wp-content\/uploads\/2025\/07\/image-32-1320x624.png 1320w\" sizes=\"auto, (max-width: 1024px) 100vw, 1024px\" \/><\/figure>\n<\/div>\n\n\n<p>Chaque appareil, appel\u00e9 <em>n\u0153ud<\/em>, agit comme relais pour les autres, assurant une <strong>port\u00e9e \u00e9tendue et une grande r\u00e9silience<\/strong> du r\u00e9seau. Id\u00e9al pour les amateurs d\u2019activit\u00e9s en plein air, les situations d\u2019urgence ou les environnements isol\u00e9s, Meshtastic fonctionne sur des bandes radio libres (433 MHz, 868 MHz) et consomme tr\u00e8s peu d\u2019\u00e9nergie.<\/p>\n\n\n\n<p>\ud83d\udcf1 <strong>Gr\u00e2ce \u00e0 son application mobile<\/strong>, il est possible de connecter un smartphone via Bluetooth pour envoyer des messages \u00e0 travers le r\u00e9seau. <\/p>\n\n\n\n<p>\ud83d\udda5\ufe0f <strong>Les tablettes et ordinateurs<\/strong> peuvent \u00e9galement acc\u00e9der au r\u00e9seau, <strong>via un c\u00e2ble USB<\/strong> ou <strong>par Wi-Fi<\/strong>, si le module Meshtastic le permet. Les modules \u00e9quip\u00e9s d\u2019un <strong>processeur ESP32<\/strong> prennent en charge le Wi-Fi et les connexions avanc\u00e9es. \ud83d\udd10 Meshtastic incarne ainsi une nouvelle \u00e8re de la communication : <strong>libre, s\u00e9curis\u00e9e et autonome<\/strong> \u2014 hors des sentiers battus des op\u00e9rateurs classiques.<\/p>\n\n\n\n<p>\ud83d\udc65 <strong>Actuellement, notre communaut\u00e9 compte plus de 35 membres actifs<\/strong>, avec une <strong>centaine de n\u0153uds Meshtastic d\u00e9ploy\u00e9s<\/strong> (r\u00e9sidents et voyageurs) dans les d\u00e9partements des <strong>Alpes-Maritimes (06)<\/strong> et du <strong>Var (83)<\/strong>.<\/p>\n\n\n\n<p>\ud83d\udd17 <strong>Plus nous serons nombreux, plus le maillage du r\u00e9seau sera \u00e9tendu et efficace.<\/strong> <\/p>\n\n\n\n<p>Chaque nouveau n\u0153ud contribue \u00e0 renforcer la couverture et la r\u00e9silience du syst\u00e8me.<\/p>\n\n\n\n<p>\ud83c\udfaf <strong>Pourquoi nous ne cherchons pas \u00e0 couvrir les grandes villes avoisinantes<\/strong> <\/p>\n\n\n\n<p>Contrairement aux r\u00e9seaux traditionnels, Meshtastic n\u2019a pas vocation \u00e0 couvrir des m\u00e9tropoles comme Toulon ou Marseille. Notre objectif principal est de favoriser les \u00e9changes entre voisins, dans un rayon raisonnable, pour demander de l\u2019aide, coordonner des actions locales ou partager des informations pratiques qui n\u2019ont de valeur que pour les habitants du secteur. En \u00e9largissant trop le p\u00e9rim\u00e8tre de couverture, nous risquons de saturer le canal avec des messages non pertinents, cr\u00e9ant un bruit ambiant qui noie les donn\u00e9es utiles et pousse les utilisateurs \u00e0 d\u00e9crocher.<\/p>\n\n\n\n<p>\ud83d\udce1 <strong>Les d\u00e9fis techniques du maillage r\u00e9gional<\/strong> <\/p>\n\n\n\n<p>La principale difficult\u00e9 pour assurer une couverture LoRa fiable r\u00e9side dans la hauteur des antennes. Chaque ville est souvent \u00ab\u202fisol\u00e9e\u202f\u00bb par de hautes collines, des cr\u00eates ou des massifs montagneux qui perturbent la transmission tant qu\u2019aucune antenne n\u2019est install\u00e9e sur les sommets ou les cols avoisinants.<\/p>\n\n\n\n<p>Ces zones sont souvent des espaces publics soumis \u00e0 des r\u00e9glementations strictes ou des terrains priv\u00e9s n\u00e9cessitant l\u2019accord du propri\u00e9taire. C\u2019est pourquoi nous travaillons \u00e9troitement avec les municipalit\u00e9s pour obtenir des autorisations, afin d\u2019\u00e9viter les installations sauvages qui pourraient nuire \u00e0 l\u2019expansion coh\u00e9rente du r\u00e9seau Meshtastic. Une d\u00e9marche concert\u00e9e est essentielle pour assurer la qualit\u00e9 et la p\u00e9rennit\u00e9 du maillage.<\/p>\n\n\n\n<p>\ud83c\uddee\ud83c\uddf9 <strong>Et c\u00f4t\u00e9 Italie ?<\/strong> <\/p>\n\n\n\n<p>L\u2019interconnexion avec l\u2019Italie a \u00e9t\u00e9 plus facile : les signaux se propagent sur la mer sans obstacles majeurs, facilitant la liaison entre les rives. Mais l\u00e0 encore, nous rencontrons une autre forme de parasitage : les messages locaux se retrouvent m\u00eal\u00e9s \u00e0 une langue \u00e9trang\u00e8re. Heureusement, les utilisateurs italiens ont opt\u00e9 pour le mode LM (Long Moderate), qui limite la port\u00e9e et donc la pollution du canal. Malgr\u00e9 cela, nous continuons \u00e0 capter leurs \u00e9changes, car une passerelle entre le canal LF (par d\u00e9faut) et le LM a \u00e9t\u00e9 install\u00e9e pour faciliter l\u2019accueil de nouveaux membres italiens.<\/p>\n\n\n\n<hr class=\"wp-block-separator has-alpha-channel-opacity\"\/>\n\n\n\n<h4 class=\"wp-block-heading\">Autres pages sur le m\u00eame sujet :<\/h4>\n\n\n\n<ul class=\"wp-block-list\">\n<li><a href=\"https:\/\/meshtastic.lorapaca.org\/?page_id=54\" data-type=\"page\" data-id=\"54\">Site officiel<\/a><\/li>\n\n\n\n<li><a href=\"https:\/\/meshtastic.lorapaca.org\/?page_id=437\" data-type=\"link\" data-id=\"https:\/\/meshtastic.lorapaca.org\/?page_id=437\">MeshCore vs Meshtastic<\/a><\/li>\n\n\n\n<li><a href=\"https:\/\/meshtastic.lorapaca.org\/?page_id=102\" data-type=\"page\" data-id=\"102\">Helium vs Meshtastic<\/a><\/li>\n\n\n\n<li><a href=\"https:\/\/meshtastic.lorapaca.org\/?page_id=447\" data-type=\"page\" data-id=\"447\">Gaulix vs Meshtastic<\/a><\/li>\n\n\n\n<li><a href=\"https:\/\/meshtastic.lorapaca.org\/?page_id=119\" data-type=\"page\" data-id=\"119\">Utile ou gadget\u202f?<\/a><\/li>\n\n\n\n<li><a href=\"https:\/\/meshtastic.lorapaca.org\/?page_id=105\" data-type=\"page\" data-id=\"105\">Les plus longues distances atteintes<\/a><\/li>\n\n\n\n<li><a href=\"https:\/\/meshtastic.lorapaca.org\/?page_id=2\" data-type=\"page\" data-id=\"2\" target=\"_blank\" rel=\"noreferrer noopener\">YouTube \/ Sites<\/a><\/li>\n\n\n\n<li><a href=\"https:\/\/meshtastic.lorapaca.org\/?page_id=92\" data-type=\"page\" data-id=\"92\">FAQ Meshtastic<\/a><\/li>\n\n\n\n<li><a href=\"https:\/\/meshtastic.lorapaca.org\/?page_id=46\" data-type=\"page\" data-id=\"46\">Annuaire<\/a><\/li>\n<\/ul>\n\n\n\n<h4 class=\"wp-block-heading\"><a href=\"https:\/\/meshtastic.lorapaca.org\/?cat=34\" data-type=\"link\" data-id=\"https:\/\/meshtastic.lorapaca.org\/?cat=34\">Voir tous les articles traitant ce sujet<\/a><\/h4>\n","protected":false},"excerpt":{"rendered":"<p>Meshtastic est une solution open-source qui permet de cr\u00e9er des r\u00e9seaux maill\u00e9s sans infrastructure en utilisant la technologie LoRa. Con\u00e7u&hellip;<\/p>\n","protected":false},"author":1,"featured_media":0,"parent":0,"menu_order":20,"comment_status":"closed","ping_status":"closed","template":"","meta":{"footnotes":""},"class_list":["post-43","page","type-page","status-publish","hentry"],"_links":{"self":[{"href":"https:\/\/meshtastic.lorapaca.org\/index.php?rest_route=\/wp\/v2\/pages\/43","targetHints":{"allow":["GET"]}}],"collection":[{"href":"https:\/\/meshtastic.lorapaca.org\/index.php?rest_route=\/wp\/v2\/pages"}],"about":[{"href":"https:\/\/meshtastic.lorapaca.org\/index.php?rest_route=\/wp\/v2\/types\/page"}],"author":[{"embeddable":true,"href":"https:\/\/meshtastic.lorapaca.org\/index.php?rest_route=\/wp\/v2\/users\/1"}],"replies":[{"embeddable":true,"href":"https:\/\/meshtastic.lorapaca.org\/index.php?rest_route=%2Fwp%2Fv2%2Fcomments&post=43"}],"version-history":[{"count":2,"href":"https:\/\/meshtastic.lorapaca.org\/index.php?rest_route=\/wp\/v2\/pages\/43\/revisions"}],"predecessor-version":[{"id":709,"href":"https:\/\/meshtastic.lorapaca.org\/index.php?rest_route=\/wp\/v2\/pages\/43\/revisions\/709"}],"wp:attachment":[{"href":"https:\/\/meshtastic.lorapaca.org\/index.php?rest_route=%2Fwp%2Fv2%2Fmedia&parent=43"}],"curies":[{"name":"wp","href":"https:\/\/api.w.org\/{rel}","templated":true}]}}