{"id":2,"date":"2025-07-14T00:00:57","date_gmt":"2025-07-13T22:00:57","guid":{"rendered":"https:\/\/meshtastic.lorapaca.org\/?page_id=2"},"modified":"2025-07-21T17:14:26","modified_gmt":"2025-07-21T15:14:26","slug":"sample-page","status":"publish","type":"page","link":"https:\/\/meshtastic.lorapaca.org\/?page_id=2","title":{"rendered":"YouTube \/ Sites"},"content":{"rendered":"\n<h4 class=\"wp-block-heading\"><strong>Chaine officielle Meshtastic :<\/strong><\/h4>\n\n\n\n<ul class=\"wp-block-list\">\n<li><a href=\"https:\/\/www.youtube.com\/@Meshtastic\"><\/a><a href=\"https:\/\/www.youtube.com\/@Meshtastic\" target=\"_blank\" rel=\"noreferrer noopener nofollow\">Meshtastic &#8211; YouTube<\/a><\/li>\n<\/ul>\n\n\n\n<h4 class=\"wp-block-heading\"><strong>Chaine YouTube de Radio Prepper &#8211; Gil (Antibes) :<\/strong><\/h4>\n\n\n\n<ul class=\"wp-block-list\">\n<li><a href=\"https:\/\/www.youtube.com\/watch?v=B57CAPJuVL8&amp;t=769s\">Connectivit\u00e9 en Crise : La Solution Meshtastic<\/a><\/li>\n\n\n\n<li><a href=\"https:\/\/www.youtube.com\/watch?v=MGg-b8UCYGI&amp;t=619s\">The Meshtastic Problem in France..<\/a><\/li>\n\n\n\n<li><a href=\"https:\/\/www.youtube.com\/watch?v=1yx6HCg-2wI&amp;t=87s\">R\u00e9seau Meshtastic Alpes Maritimes<\/a><\/li>\n\n\n\n<li><a href=\"https:\/\/www.youtube.com\/watch?v=K_841of-PXQ\">Le n\u0153ud Meshtastic Heltec MeshPocket et la banque d&rsquo;alimentation<\/a><\/li>\n<\/ul>\n\n\n\n<h4 class=\"wp-block-heading\"><strong>Autres vid\u00e9os YouTube :<\/strong><\/h4>\n\n\n\n<ul class=\"wp-block-list\">\n<li><a href=\"https:\/\/www.youtube.com\/watch?v=oOqeoMGJjxo&amp;t=9s\">D\u00e9buter avec Meshtastic en France : Guide pour envoyer votre message sur le r\u00e9seau d\u00e9centralis\u00e9<\/a><\/li>\n\n\n\n<li><a href=\"https:\/\/www.youtube.com\/watch?v=Cs5Z7rP_eUo&amp;t=66s\">Guide Complet Meshtastic Pour D\u00e9butants<\/a><\/li>\n\n\n\n<li><a href=\"https:\/\/www.youtube.com\/watch?v=igWP0O_VuUo\">Meshtastic pour les nuls &#8211; Configuration Heltec V3 pour 10 $<\/a><\/li>\n<\/ul>\n\n\n\n<p><\/p>\n\n\n\n<h4 class=\"wp-block-heading\">Autres sites :<\/h4>\n\n\n\n<ul class=\"wp-block-list\">\n<li><a href=\"https:\/\/tutoduino.fr\/consommation-noeuds-meshtastic\/\">Comparatif autonomie de n\u0153uds Meshtastic<\/a><\/li>\n\n\n\n<li><a href=\"https:\/\/tutoduino.fr\/menu-sdr\/test-antennes-meshtastic-868-mhz\/\">Antennes Meshtastic : d&rsquo;apparence identiques, mais avec des caract\u00e9ristiques tr\u00e8s diff\u00e9rences<\/a><\/li>\n\n\n\n<li><a href=\"https:\/\/www.loraantenna.com\/fr\/what-is-the-best-antenna-type-for-lora\/\" data-type=\"link\" data-id=\"https:\/\/www.loraantenna.com\/fr\/what-is-the-best-antenna-type-for-lora\/\">Quel est le meilleur type d&rsquo;antenne LoRa &#8211; LoRaAntenna.com<\/a><\/li>\n<\/ul>\n\n\n\n<h4 class=\"wp-block-heading\">Sites revendeurs :<\/h4>\n\n\n\n<ul class=\"wp-block-list\">\n<li><a href=\"https:\/\/s.click.aliexpress.com\/e\/_oku46Oy\" target=\"_blank\" rel=\"noreferrer noopener\">AliExpress<\/a><\/li>\n<\/ul>\n\n\n\n<p><\/p>\n","protected":false},"excerpt":{"rendered":"<p>Chaine officielle Meshtastic : Chaine YouTube de Radio Prepper &#8211; Gil (Antibes) : Autres vid\u00e9os YouTube : Autres sites :&hellip;<\/p>\n","protected":false},"author":1,"featured_media":0,"parent":0,"menu_order":50,"comment_status":"closed","ping_status":"closed","template":"","meta":{"footnotes":""},"class_list":["post-2","page","type-page","status-publish","hentry"],"_links":{"self":[{"href":"https:\/\/meshtastic.lorapaca.org\/index.php?rest_route=\/wp\/v2\/pages\/2","targetHints":{"allow":["GET"]}}],"collection":[{"href":"https:\/\/meshtastic.lorapaca.org\/index.php?rest_route=\/wp\/v2\/pages"}],"about":[{"href":"https:\/\/meshtastic.lorapaca.org\/index.php?rest_route=\/wp\/v2\/types\/page"}],"author":[{"embeddable":true,"href":"https:\/\/meshtastic.lorapaca.org\/index.php?rest_route=\/wp\/v2\/users\/1"}],"replies":[{"embeddable":true,"href":"https:\/\/meshtastic.lorapaca.org\/index.php?rest_route=%2Fwp%2Fv2%2Fcomments&post=2"}],"version-history":[{"count":2,"href":"https:\/\/meshtastic.lorapaca.org\/index.php?rest_route=\/wp\/v2\/pages\/2\/revisions"}],"predecessor-version":[{"id":809,"href":"https:\/\/meshtastic.lorapaca.org\/index.php?rest_route=\/wp\/v2\/pages\/2\/revisions\/809"}],"wp:attachment":[{"href":"https:\/\/meshtastic.lorapaca.org\/index.php?rest_route=%2Fwp%2Fv2%2Fmedia&parent=2"}],"curies":[{"name":"wp","href":"https:\/\/api.w.org\/{rel}","templated":true}]}}