{"id":192,"date":"2025-07-14T22:07:48","date_gmt":"2025-07-14T20:07:48","guid":{"rendered":"https:\/\/meshtastic.lorapaca.org\/?page_id=192"},"modified":"2025-07-19T19:39:40","modified_gmt":"2025-07-19T17:39:40","slug":"quels-sont-les-autres-modules-lora-qui-sont-compatibles-meshtastic","status":"publish","type":"page","link":"https:\/\/meshtastic.lorapaca.org\/?page_id=192","title":{"rendered":"Quels sont les modules LoRA qui sont compatibles Meshtastic ?"},"content":{"rendered":"\n<p>Meshtastic est compatible avec une large gamme de modules LoRa, allant des cartes de d\u00e9veloppement simples aux dispositifs tout-en-un pr\u00eats \u00e0 l\u2019emploi. Voici un aper\u00e7u des principaux modules compatibles en 2025 :<\/p>\n\n\n\n<h4 class=\"wp-block-heading\">\ud83d\udd27 Modules populaires compatibles Meshtastic<\/h4>\n\n\n\n<h5 class=\"wp-block-heading\">\ud83d\udfe2 <strong>LILYGO\u00ae T-Beam Series<\/strong><\/h5>\n\n\n\n<figure class=\"wp-block-image size-full is-resized\"><img loading=\"lazy\" decoding=\"async\" width=\"456\" height=\"454\" src=\"https:\/\/meshtastic.lorapaca.org\/wp-content\/uploads\/2025\/07\/image-22.png\" alt=\"\" class=\"wp-image-425\" style=\"width:300px\" srcset=\"https:\/\/meshtastic.lorapaca.org\/wp-content\/uploads\/2025\/07\/image-22.png 456w, https:\/\/meshtastic.lorapaca.org\/wp-content\/uploads\/2025\/07\/image-22-300x300.png 300w, https:\/\/meshtastic.lorapaca.org\/wp-content\/uploads\/2025\/07\/image-22-150x150.png 150w\" sizes=\"auto, (max-width: 456px) 100vw, 456px\" \/><\/figure>\n\n\n\n<ul class=\"wp-block-list\">\n<li>MCU : ESP32<\/li>\n\n\n\n<li>LoRa : SX1276 ou SX1262<\/li>\n\n\n\n<li>GPS : int\u00e9gr\u00e9 (NEO-6M ou M8N)<\/li>\n\n\n\n<li>\u00c9cran : OLED<\/li>\n\n\n\n<li>Batterie : support 18650<\/li>\n\n\n\n<li>\u2705 Tr\u00e8s utilis\u00e9 dans la communaut\u00e9 Meshtastic<\/li>\n<\/ul>\n\n\n\n<h5 class=\"wp-block-heading\">\ud83d\udfe2 <strong>Heltec LoRa 32 V3 \/ Wireless Tracker<\/strong><\/h5>\n\n\n\n<figure class=\"wp-block-image size-full is-resized\"><img loading=\"lazy\" decoding=\"async\" width=\"488\" height=\"581\" src=\"https:\/\/meshtastic.lorapaca.org\/wp-content\/uploads\/2025\/07\/image-10-edited-2.png\" alt=\"\" class=\"wp-image-419\" style=\"width:300px\" srcset=\"https:\/\/meshtastic.lorapaca.org\/wp-content\/uploads\/2025\/07\/image-10-edited-2.png 488w, https:\/\/meshtastic.lorapaca.org\/wp-content\/uploads\/2025\/07\/image-10-edited-2-252x300.png 252w\" sizes=\"auto, (max-width: 488px) 100vw, 488px\" \/><\/figure>\n\n\n\n<ul class=\"wp-block-list\">\n<li>MCU : ESP32-S3<\/li>\n\n\n\n<li>LoRa : SX1262<\/li>\n\n\n\n<li>GPS : selon mod\u00e8le<\/li>\n\n\n\n<li>\u00c9cran : OLED ou TFT<\/li>\n\n\n\n<li>\u2705 Facile \u00e0 flasher, bon rapport qualit\u00e9\/prix<\/li>\n<\/ul>\n\n\n\n<h5 class=\"wp-block-heading\">\ud83d\udfe2 <strong>RAK WisBlock Starter Kit<\/strong><\/h5>\n\n\n\n<figure class=\"wp-block-image size-full is-resized\"><img loading=\"lazy\" decoding=\"async\" width=\"375\" height=\"376\" src=\"https:\/\/meshtastic.lorapaca.org\/wp-content\/uploads\/2025\/07\/image-17.png\" alt=\"\" class=\"wp-image-390\" style=\"width:300px\" srcset=\"https:\/\/meshtastic.lorapaca.org\/wp-content\/uploads\/2025\/07\/image-17.png 375w, https:\/\/meshtastic.lorapaca.org\/wp-content\/uploads\/2025\/07\/image-17-300x300.png 300w, https:\/\/meshtastic.lorapaca.org\/wp-content\/uploads\/2025\/07\/image-17-150x150.png 150w\" sizes=\"auto, (max-width: 375px) 100vw, 375px\" \/><\/figure>\n\n\n\n<ul class=\"wp-block-list\">\n<li>MCU : nRF52840 ou ESP32 (selon module)<\/li>\n\n\n\n<li>LoRa : SX1262<\/li>\n\n\n\n<li>GPS : module additionnel (RAK1910 ou RAK12500)<\/li>\n\n\n\n<li>\u2705 Modulaire et optimis\u00e9 pour les installations solaires<\/li>\n<\/ul>\n\n\n\n<h5 class=\"wp-block-heading\">\ud83d\udfe2 <strong>T-Echo<\/strong><\/h5>\n\n\n\n<figure class=\"wp-block-image size-full is-resized\"><img loading=\"lazy\" decoding=\"async\" width=\"527\" height=\"524\" src=\"https:\/\/meshtastic.lorapaca.org\/wp-content\/uploads\/2025\/07\/image-16.png\" alt=\"\" class=\"wp-image-386\" style=\"width:300px\" srcset=\"https:\/\/meshtastic.lorapaca.org\/wp-content\/uploads\/2025\/07\/image-16.png 527w, https:\/\/meshtastic.lorapaca.org\/wp-content\/uploads\/2025\/07\/image-16-300x298.png 300w, https:\/\/meshtastic.lorapaca.org\/wp-content\/uploads\/2025\/07\/image-16-150x150.png 150w\" sizes=\"auto, (max-width: 527px) 100vw, 527px\" \/><\/figure>\n\n\n\n<ul class=\"wp-block-list\">\n<li>MCU : nRF52840<\/li>\n\n\n\n<li>LoRa : SX1262<\/li>\n\n\n\n<li>GPS : int\u00e9gr\u00e9<\/li>\n\n\n\n<li>\u00c9cran : E-Ink<\/li>\n\n\n\n<li>\u2705 Autonomie exceptionnelle, bo\u00eetier moul\u00e9<\/li>\n<\/ul>\n\n\n\n<h5 class=\"wp-block-heading\">\ud83d\udfe2 <strong>Seeed Studio SenseCAP T1000-E<\/strong><\/h5>\n\n\n\n<figure class=\"wp-block-image size-full is-resized\"><img loading=\"lazy\" decoding=\"async\" width=\"409\" height=\"340\" src=\"https:\/\/meshtastic.lorapaca.org\/wp-content\/uploads\/2025\/07\/image-18.png\" alt=\"\" class=\"wp-image-393\" style=\"width:300px\" srcset=\"https:\/\/meshtastic.lorapaca.org\/wp-content\/uploads\/2025\/07\/image-18.png 409w, https:\/\/meshtastic.lorapaca.org\/wp-content\/uploads\/2025\/07\/image-18-300x249.png 300w\" sizes=\"auto, (max-width: 409px) 100vw, 409px\" \/><\/figure>\n\n\n\n<ul class=\"wp-block-list\">\n<li>MCU : nRF52840<\/li>\n\n\n\n<li>LoRa : LR1110<\/li>\n\n\n\n<li>GPS : int\u00e9gr\u00e9<\/li>\n\n\n\n<li>\u2705 IP65, pr\u00eat \u00e0 l\u2019emploi, usage industriel ou outdoor<\/li>\n<\/ul>\n\n\n\n<h5 class=\"wp-block-heading\">\ud83d\udfe2 <strong>XIAO + Wio SX1262 Kit<\/strong><\/h5>\n\n\n\n<figure class=\"wp-block-image size-full is-resized\"><img loading=\"lazy\" decoding=\"async\" width=\"397\" height=\"356\" src=\"https:\/\/meshtastic.lorapaca.org\/wp-content\/uploads\/2025\/07\/image-24.png\" alt=\"\" class=\"wp-image-429\" style=\"width:300px\" srcset=\"https:\/\/meshtastic.lorapaca.org\/wp-content\/uploads\/2025\/07\/image-24.png 397w, https:\/\/meshtastic.lorapaca.org\/wp-content\/uploads\/2025\/07\/image-24-300x269.png 300w\" sizes=\"auto, (max-width: 397px) 100vw, 397px\" \/><\/figure>\n\n\n\n<ul class=\"wp-block-list\">\n<li>MCU : ESP32-S3 ou nRF52840<\/li>\n\n\n\n<li>LoRa : SX1262<\/li>\n\n\n\n<li>GPS : en option<\/li>\n\n\n\n<li>\u2705 Ultra compact, id\u00e9al pour projets DIY<\/li>\n<\/ul>\n\n\n\n<h4 class=\"wp-block-heading\">\ud83d\udccc Recommandations<\/h4>\n\n\n\n<figure class=\"wp-block-table\"><table class=\"has-fixed-layout\"><thead><tr><th>Usage<\/th><th>Modules recommand\u00e9s<\/th><\/tr><\/thead><tbody><tr><td>Autonomie solaire \/ outdoor<\/td><td>T114, RAK WisBlock, T-Echo<\/td><\/tr><tr><td>D\u00e9ploiement rapide<\/td><td>Heltec V3, LILYGO T-Beam<\/td><\/tr><tr><td>GPS int\u00e9gr\u00e9<\/td><td>T-Beam, T-Echo, SenseCAP<\/td><\/tr><tr><td>Projets DIY compacts<\/td><td>XIAO + Wio SX1262, LoRa32 V2.1<\/td><\/tr><\/tbody><\/table><\/figure>\n","protected":false},"excerpt":{"rendered":"<p>Meshtastic est compatible avec une large gamme de modules LoRa, allant des cartes de d\u00e9veloppement simples aux dispositifs tout-en-un pr\u00eats&hellip;<\/p>\n","protected":false},"author":1,"featured_media":0,"parent":205,"menu_order":2,"comment_status":"closed","ping_status":"closed","template":"","meta":{"footnotes":""},"class_list":["post-192","page","type-page","status-publish","hentry"],"_links":{"self":[{"href":"https:\/\/meshtastic.lorapaca.org\/index.php?rest_route=\/wp\/v2\/pages\/192","targetHints":{"allow":["GET"]}}],"collection":[{"href":"https:\/\/meshtastic.lorapaca.org\/index.php?rest_route=\/wp\/v2\/pages"}],"about":[{"href":"https:\/\/meshtastic.lorapaca.org\/index.php?rest_route=\/wp\/v2\/types\/page"}],"author":[{"embeddable":true,"href":"https:\/\/meshtastic.lorapaca.org\/index.php?rest_route=\/wp\/v2\/users\/1"}],"replies":[{"embeddable":true,"href":"https:\/\/meshtastic.lorapaca.org\/index.php?rest_route=%2Fwp%2Fv2%2Fcomments&post=192"}],"version-history":[{"count":0,"href":"https:\/\/meshtastic.lorapaca.org\/index.php?rest_route=\/wp\/v2\/pages\/192\/revisions"}],"up":[{"embeddable":true,"href":"https:\/\/meshtastic.lorapaca.org\/index.php?rest_route=\/wp\/v2\/pages\/205"}],"wp:attachment":[{"href":"https:\/\/meshtastic.lorapaca.org\/index.php?rest_route=%2Fwp%2Fv2%2Fmedia&parent=192"}],"curies":[{"name":"wp","href":"https:\/\/api.w.org\/{rel}","templated":true}]}}