{"id":105,"date":"2025-07-14T11:00:47","date_gmt":"2025-07-14T09:00:47","guid":{"rendered":"https:\/\/meshtastic.lorapaca.org\/?page_id=105"},"modified":"2025-07-19T21:20:57","modified_gmt":"2025-07-19T19:20:57","slug":"les-plus-longues-distances","status":"publish","type":"page","link":"https:\/\/meshtastic.lorapaca.org\/?page_id=105","title":{"rendered":"Les plus longues distances atteintes"},"content":{"rendered":"\n<p>Dans notre qu\u00eate d\u2019\u00e9largir le r\u00e9seau Meshtastic en r\u00e9gion PACA, nous avons positionn\u00e9 strat\u00e9giquement plusieurs n\u0153uds en altitude pour maximiser la couverture.<\/p>\n\n\n\n<h4 class=\"wp-block-heading\">\ud83d\uddfa\ufe0f N\u0153uds strat\u00e9giques install\u00e9s<\/h4>\n\n\n\n<ul class=\"wp-block-list\">\n<li>\ud83d\udccd <strong>Relais Monaco<\/strong> : sur les hauteurs de Monaco<\/li>\n\n\n\n<li>\ud83d\udccd <strong>DLB2<\/strong> : \u00e0 Digne-les-Bains (auteur inconnu)<\/li>\n\n\n\n<li>\ud83d\udccd <strong>ZOO1<\/strong> : sur une colline du Var, \u00e0 Peigros<\/li>\n<\/ul>\n\n\n\n<p>Ces installations nous ont permis d\u2019\u00e9tendre le maillage vers des zones remarquablement \u00e9loign\u00e9es.<\/p>\n\n\n\n<h4 class=\"wp-block-heading\">\ud83d\ude80 Cas exceptionnels de r\u00e9ception<\/h4>\n\n\n\n<h5 class=\"wp-block-heading\">1\ufe0f\u20e3 <strong>Message a\u00e9rien Finlande &gt; Barcelone<\/strong><\/h5>\n\n\n\n<p>\ud83d\udcc6 <em>12 juin 2025<\/em> \ud83d\udce1 Un message \u00e9mis depuis un avion reliant la <strong>Finlande \u00e0 Barcelone<\/strong>, capt\u00e9 alors qu\u2019il traversait les <strong>Hautes-Alpes<\/strong>, avec maintien de la communication jusqu\u2019au sud de <strong>Marseille<\/strong>.<\/p>\n\n\n\n<figure class=\"wp-block-image size-full\"><img loading=\"lazy\" decoding=\"async\" width=\"858\" height=\"489\" src=\"https:\/\/meshtastic.lorapaca.org\/wp-content\/uploads\/2025\/07\/WhatsApp-Image-2025-06-12-a-19.26.48_dd284a78.jpg\" alt=\"\" class=\"wp-image-109\" srcset=\"https:\/\/meshtastic.lorapaca.org\/wp-content\/uploads\/2025\/07\/WhatsApp-Image-2025-06-12-a-19.26.48_dd284a78.jpg 858w, https:\/\/meshtastic.lorapaca.org\/wp-content\/uploads\/2025\/07\/WhatsApp-Image-2025-06-12-a-19.26.48_dd284a78-300x171.jpg 300w, https:\/\/meshtastic.lorapaca.org\/wp-content\/uploads\/2025\/07\/WhatsApp-Image-2025-06-12-a-19.26.48_dd284a78-768x438.jpg 768w\" sizes=\"auto, (max-width: 858px) 100vw, 858px\" \/><\/figure>\n\n\n\n<figure class=\"wp-block-image size-large\"><img loading=\"lazy\" decoding=\"async\" width=\"461\" height=\"1024\" src=\"https:\/\/meshtastic.lorapaca.org\/wp-content\/uploads\/2025\/07\/WhatsApp-Image-2025-06-12-a-19.30.07_79c604b1-461x1024.jpg\" alt=\"\" class=\"wp-image-110\" srcset=\"https:\/\/meshtastic.lorapaca.org\/wp-content\/uploads\/2025\/07\/WhatsApp-Image-2025-06-12-a-19.30.07_79c604b1-461x1024.jpg 461w, https:\/\/meshtastic.lorapaca.org\/wp-content\/uploads\/2025\/07\/WhatsApp-Image-2025-06-12-a-19.30.07_79c604b1-135x300.jpg 135w, https:\/\/meshtastic.lorapaca.org\/wp-content\/uploads\/2025\/07\/WhatsApp-Image-2025-06-12-a-19.30.07_79c604b1-768x1708.jpg 768w, https:\/\/meshtastic.lorapaca.org\/wp-content\/uploads\/2025\/07\/WhatsApp-Image-2025-06-12-a-19.30.07_79c604b1-691x1536.jpg 691w, https:\/\/meshtastic.lorapaca.org\/wp-content\/uploads\/2025\/07\/WhatsApp-Image-2025-06-12-a-19.30.07_79c604b1.jpg 921w\" sizes=\"auto, (max-width: 461px) 100vw, 461px\" \/><\/figure>\n\n\n\n<h5 class=\"wp-block-heading\">2\ufe0f\u20e3 <strong>R\u00e9ception depuis la Corse<\/strong><\/h5>\n\n\n\n<p>\ud83d\udcc6 <em>22 juin 2025<\/em> \ud83d\udce1 Signal re\u00e7u d\u2019un node situ\u00e9 \u00e0 <strong>l\u2019est de la Corse<\/strong>, d\u00e9montrant la port\u00e9e exceptionnelle des n\u0153uds en altitude.<\/p>\n\n\n\n<figure class=\"wp-block-image size-full\"><img loading=\"lazy\" decoding=\"async\" width=\"788\" height=\"661\" src=\"https:\/\/meshtastic.lorapaca.org\/wp-content\/uploads\/2025\/07\/image.png\" alt=\"\" class=\"wp-image-106\" srcset=\"https:\/\/meshtastic.lorapaca.org\/wp-content\/uploads\/2025\/07\/image.png 788w, https:\/\/meshtastic.lorapaca.org\/wp-content\/uploads\/2025\/07\/image-300x252.png 300w, https:\/\/meshtastic.lorapaca.org\/wp-content\/uploads\/2025\/07\/image-768x644.png 768w\" sizes=\"auto, (max-width: 788px) 100vw, 788px\" \/><\/figure>\n\n\n\n<figure class=\"wp-block-image size-large\"><img loading=\"lazy\" decoding=\"async\" width=\"607\" height=\"1024\" src=\"https:\/\/meshtastic.lorapaca.org\/wp-content\/uploads\/2025\/07\/WhatsApp-Image-2025-06-22-a-15.37.10_6e771fa1-607x1024.jpg\" alt=\"\" class=\"wp-image-107\" srcset=\"https:\/\/meshtastic.lorapaca.org\/wp-content\/uploads\/2025\/07\/WhatsApp-Image-2025-06-22-a-15.37.10_6e771fa1-607x1024.jpg 607w, https:\/\/meshtastic.lorapaca.org\/wp-content\/uploads\/2025\/07\/WhatsApp-Image-2025-06-22-a-15.37.10_6e771fa1-178x300.jpg 178w, https:\/\/meshtastic.lorapaca.org\/wp-content\/uploads\/2025\/07\/WhatsApp-Image-2025-06-22-a-15.37.10_6e771fa1-768x1295.jpg 768w, https:\/\/meshtastic.lorapaca.org\/wp-content\/uploads\/2025\/07\/WhatsApp-Image-2025-06-22-a-15.37.10_6e771fa1-911x1536.jpg 911w, https:\/\/meshtastic.lorapaca.org\/wp-content\/uploads\/2025\/07\/WhatsApp-Image-2025-06-22-a-15.37.10_6e771fa1.jpg 1170w\" sizes=\"auto, (max-width: 607px) 100vw, 607px\" \/><\/figure>\n\n\n\n<h4 class=\"wp-block-heading\">\ud83c\udfaf<strong> Ce que cela d\u00e9montre<\/strong><\/h4>\n\n\n\n<ul class=\"wp-block-list\">\n<li>Port\u00e9e LoRa optimis\u00e9e gr\u00e2ce aux n\u0153uds sur\u00e9lev\u00e9s<\/li>\n\n\n\n<li>Possibilit\u00e9 de capter des <strong>n\u0153uds mobiles<\/strong> en transit<\/li>\n\n\n\n<li>Potentiel d\u2019expansion vers des zones insulaires et a\u00e9riennes<\/li>\n<\/ul>\n\n\n\n<p><br><\/p>\n","protected":false},"excerpt":{"rendered":"<p>Dans notre qu\u00eate d\u2019\u00e9largir le r\u00e9seau Meshtastic en r\u00e9gion PACA, nous avons positionn\u00e9 strat\u00e9giquement plusieurs n\u0153uds en altitude pour maximiser&hellip;<\/p>\n","protected":false},"author":1,"featured_media":0,"parent":43,"menu_order":3,"comment_status":"closed","ping_status":"closed","template":"","meta":{"footnotes":""},"class_list":["post-105","page","type-page","status-publish","hentry"],"_links":{"self":[{"href":"https:\/\/meshtastic.lorapaca.org\/index.php?rest_route=\/wp\/v2\/pages\/105","targetHints":{"allow":["GET"]}}],"collection":[{"href":"https:\/\/meshtastic.lorapaca.org\/index.php?rest_route=\/wp\/v2\/pages"}],"about":[{"href":"https:\/\/meshtastic.lorapaca.org\/index.php?rest_route=\/wp\/v2\/types\/page"}],"author":[{"embeddable":true,"href":"https:\/\/meshtastic.lorapaca.org\/index.php?rest_route=\/wp\/v2\/users\/1"}],"replies":[{"embeddable":true,"href":"https:\/\/meshtastic.lorapaca.org\/index.php?rest_route=%2Fwp%2Fv2%2Fcomments&post=105"}],"version-history":[{"count":0,"href":"https:\/\/meshtastic.lorapaca.org\/index.php?rest_route=\/wp\/v2\/pages\/105\/revisions"}],"up":[{"embeddable":true,"href":"https:\/\/meshtastic.lorapaca.org\/index.php?rest_route=\/wp\/v2\/pages\/43"}],"wp:attachment":[{"href":"https:\/\/meshtastic.lorapaca.org\/index.php?rest_route=%2Fwp%2Fv2%2Fmedia&parent=105"}],"curies":[{"name":"wp","href":"https:\/\/api.w.org\/{rel}","templated":true}]}}